{"id":98,"date":"2020-06-26T13:24:01","date_gmt":"2020-06-26T11:24:01","guid":{"rendered":"http:\/\/valfleuri80.com\/?page_id=98"},"modified":"2020-07-03T11:17:25","modified_gmt":"2020-07-03T09:17:25","slug":"chambre-leslie","status":"publish","type":"page","link":"https:\/\/valfleuri80.com\/index.php\/nos-chambres\/chambre-leslie\/","title":{"rendered":"Chambre Leslie"},"content":{"rendered":"\n<p class=\"has-medium-font-size\">Cette chambre comporte un lit 150x200cm, deux tables de nuit, un bureau, une penderie et des rangements. La salle de bain est \u00e9quip\u00e9e de WC, d&#8217;une douche et d&#8217;un lavabo.<br>Chambre lumineuse situ\u00e9e au calme.<\/p>\n\n\n\n<p>\u00a0<\/p>\n\n\n\n<div class=\"alignnormal\"><div id=\"metaslider-id-237\" style=\"width: 100%;\" class=\"ml-slider-3-27-3 metaslider metaslider-flex metaslider-237 ml-slider\">\n    <div id=\"metaslider_container_237\">\n        <div id=\"metaslider_237\">\n            <ul aria-live=\"polite\" class=\"slides\">\n                <li style=\"display: block; width: 100%;\" class=\"slide-238 ms-image\"><img src=\"https:\/\/valfleuri80.com\/wp-content\/uploads\/2020\/06\/leslie6-800x500.jpg\" height=\"500\" width=\"800\" alt=\"\" class=\"slider-237 slide-238\" title=\"leslie6\" \/><\/li>\n                <li style=\"display: none; width: 100%;\" class=\"slide-239 ms-image\"><img src=\"https:\/\/valfleuri80.com\/wp-content\/uploads\/2020\/06\/leslie5-800x500.jpg\" height=\"500\" width=\"800\" alt=\"\" class=\"slider-237 slide-239\" title=\"leslie5\" \/><\/li>\n                <li style=\"display: none; width: 100%;\" class=\"slide-240 ms-image\"><img src=\"https:\/\/valfleuri80.com\/wp-content\/uploads\/2020\/06\/leslie4-800x500.jpg\" height=\"500\" width=\"800\" alt=\"\" class=\"slider-237 slide-240\" title=\"leslie4\" \/><\/li>\n                <li style=\"display: none; width: 100%;\" class=\"slide-241 ms-image\"><img src=\"https:\/\/valfleuri80.com\/wp-content\/uploads\/2020\/06\/leslie3-800x500.jpg\" height=\"500\" width=\"800\" alt=\"\" class=\"slider-237 slide-241\" title=\"leslie3\" \/><\/li>\n                <li style=\"display: none; width: 100%;\" class=\"slide-243 ms-image\"><img src=\"https:\/\/valfleuri80.com\/wp-content\/uploads\/2020\/06\/leslie1-800x500.jpg\" height=\"500\" width=\"800\" alt=\"\" class=\"slider-237 slide-243\" title=\"leslie1\" \/><\/li>\n            <\/ul>\n        <\/div>\n        \n    <\/div>\n<\/div><\/div>\n","protected":false},"excerpt":{"rendered":"<p>Cette chambre comporte un lit 150x200cm, deux tables de nuit, un bureau, une penderie et des rangements. La salle de bain est \u00e9quip\u00e9e de WC, d&#8217;une douche et d&#8217;un lavabo.Chambre lumineuse situ\u00e9e au calme. \u00a0<\/p>\n","protected":false},"author":1,"featured_media":0,"parent":54,"menu_order":1,"comment_status":"closed","ping_status":"closed","template":"","meta":[],"_links":{"self":[{"href":"https:\/\/valfleuri80.com\/index.php\/wp-json\/wp\/v2\/pages\/98"}],"collection":[{"href":"https:\/\/valfleuri80.com\/index.php\/wp-json\/wp\/v2\/pages"}],"about":[{"href":"https:\/\/valfleuri80.com\/index.php\/wp-json\/wp\/v2\/types\/page"}],"author":[{"embeddable":true,"href":"https:\/\/valfleuri80.com\/index.php\/wp-json\/wp\/v2\/users\/1"}],"replies":[{"embeddable":true,"href":"https:\/\/valfleuri80.com\/index.php\/wp-json\/wp\/v2\/comments?post=98"}],"version-history":[{"count":7,"href":"https:\/\/valfleuri80.com\/index.php\/wp-json\/wp\/v2\/pages\/98\/revisions"}],"predecessor-version":[{"id":299,"href":"https:\/\/valfleuri80.com\/index.php\/wp-json\/wp\/v2\/pages\/98\/revisions\/299"}],"up":[{"embeddable":true,"href":"https:\/\/valfleuri80.com\/index.php\/wp-json\/wp\/v2\/pages\/54"}],"wp:attachment":[{"href":"https:\/\/valfleuri80.com\/index.php\/wp-json\/wp\/v2\/media?parent=98"}],"curies":[{"name":"wp","href":"https:\/\/api.w.org\/{rel}","templated":true}]}}