{"id":54,"date":"2020-06-26T11:50:48","date_gmt":"2020-06-26T09:50:48","guid":{"rendered":"http:\/\/valfleuri80.com\/?page_id=54"},"modified":"2020-07-03T11:10:00","modified_gmt":"2020-07-03T09:10:00","slug":"nos-chambres","status":"publish","type":"page","link":"https:\/\/valfleuri80.com\/index.php\/nos-chambres\/","title":{"rendered":"Nos chambres"},"content":{"rendered":"\n<p class=\"has-medium-font-size\">Nous disposons de 4 chambres d&#8217;h\u00f4tes pouvant accueillir chacune 2 personnes.<br>Deux, au rez-de-chauss\u00e9e, sont \u00e9quip\u00e9es d&#8217;une salle d&#8217;eau privative (avec WC) : &#8220;Leslie&#8221; et &#8220;Maud&#8221;.<br>Et deux, au premier \u00e9tage, avec salle de bain partag\u00e9e : &#8220;Juliette&#8221; et &#8220;Claire&#8221;.<br>Nous disposons \u00e9galement d&#8217;un grand studio pouvant accueillir un couple avec 3 enfants. Il poss\u00e8de une salle de bain et WC.<\/p>\n\n\n\n<p>\u00a0<\/p>\n\n\n\n<p class=\"has-medium-font-size\">Les caract\u00e9ristiques de chaque chambre sont d\u00e9taill\u00e9es dans les onglets correspondants.<\/p>\n","protected":false},"excerpt":{"rendered":"<p>Nous disposons de 4 chambres d&#8217;h\u00f4tes pouvant accueillir chacune 2 personnes.Deux, au rez-de-chauss\u00e9e, sont \u00e9quip\u00e9es d&#8217;une salle d&#8217;eau privative (avec WC) : &#8220;Leslie&#8221; et &#8220;Maud&#8221;.Et deux, au premier \u00e9tage, avec salle de bain partag\u00e9e : &#8220;Juliette&#8221; et &#8220;Claire&#8221;.Nous disposons \u00e9galement d&#8217;un grand studio pouvant accueillir un couple avec 3 enfants. Il poss\u00e8de une salle de [&hellip;]<\/p>\n","protected":false},"author":1,"featured_media":0,"parent":0,"menu_order":3,"comment_status":"closed","ping_status":"closed","template":"","meta":[],"_links":{"self":[{"href":"https:\/\/valfleuri80.com\/index.php\/wp-json\/wp\/v2\/pages\/54"}],"collection":[{"href":"https:\/\/valfleuri80.com\/index.php\/wp-json\/wp\/v2\/pages"}],"about":[{"href":"https:\/\/valfleuri80.com\/index.php\/wp-json\/wp\/v2\/types\/page"}],"author":[{"embeddable":true,"href":"https:\/\/valfleuri80.com\/index.php\/wp-json\/wp\/v2\/users\/1"}],"replies":[{"embeddable":true,"href":"https:\/\/valfleuri80.com\/index.php\/wp-json\/wp\/v2\/comments?post=54"}],"version-history":[{"count":7,"href":"https:\/\/valfleuri80.com\/index.php\/wp-json\/wp\/v2\/pages\/54\/revisions"}],"predecessor-version":[{"id":296,"href":"https:\/\/valfleuri80.com\/index.php\/wp-json\/wp\/v2\/pages\/54\/revisions\/296"}],"wp:attachment":[{"href":"https:\/\/valfleuri80.com\/index.php\/wp-json\/wp\/v2\/media?parent=54"}],"curies":[{"name":"wp","href":"https:\/\/api.w.org\/{rel}","templated":true}]}}